{"id":27,"date":"2018-11-26T11:40:40","date_gmt":"2018-11-26T10:40:40","guid":{"rendered":"https:\/\/modellflug-grevenbroich.de\/wordpress\/?page_id=27"},"modified":"2026-04-15T18:52:06","modified_gmt":"2026-04-15T16:52:06","slug":"ueber-mich","status":"publish","type":"page","link":"https:\/\/modellflug-grevenbroich.de\/wordpress\/?page_id=27","title":{"rendered":"Impressum"},"content":{"rendered":"<div style=\"width: breite; height: h\u00f6he; border: 1px solid; background-image: url('\/wordpress\/wp-content\/uploads\/2019\/01\/logo-hg2.jpg'); background-size: auto; background-repeat: no-repeat; text align: center;\">\n<p>Impressum gem\u00e4\u00df \u00a76 Teledienstgesetz (TDG)<\/p>\n<p>Verantwortlich f\u00fcr Inhalte:<\/p>\n<p>Name des Vereins : Aero-Club Grevenbroich &#8211; Neuss e.V.<\/p>\n<p>Vereinsregister-Nr. 2617 beim Amtsgericht M\u00f6nchengladbach<br \/>\nGr\u00fcndungsjahr : 1951<br \/>\nAnschrift : Postfach 100124<br \/>\n41485 Grevenbroich Flugplatz &#8222;GUSTORFER H\u00d6HE&#8220;<\/p>\n<p>Telefon Segelflug : (02181) 479998<br \/>\nTelefon Modellflug : (02181) 470601<\/p>\n<p>Pr\u00e4sident : Karsten Hahn<br \/>\nGesch\u00e4ftsf\u00fchrer : Lars Deichgr\u00e4ber<\/p>\n<p>Abt. Segelflug<br \/>\nVorsitzender : Markus Kirchner<br \/>\nStellv. Vorsitzender : Michael Hoffmann<br \/>\nAusbildungsleiter : Christian Wagner<br \/>\nLeiter Jugendgruppe : Christian Max Wagner<br \/>\nKassierer:\u00a0Felix Lohren<br \/>\nSchriftf\u00fchrer:\u00a0Daniel Bokler<\/p>\n<p>Abt. Modellflug:<br \/>\nVorsitzender : Dietmar Fabry<br \/>\nAusbildung Flugbetrieb Fl\u00e4che : Uwe Korzenevski,<br \/>\nAusbildung Flugbetrieb Hubschrauber : Erik Graus<\/p>\n<p>Mit Urteil vom 12. Mai 1998 hat das Landgericht Hamburg entschieden, dass man durch die Ausbringung eines Hyper-links die Inhalte der verlinkten Seite ggf. mit zu verantworten hat. Dies kann, so das LG, nur dadurch verhindert werden, dass man sich ausdr\u00fccklich von diesen Inhalten distanziert.<\/p>\n<p>Der Aero-Club Grevenbroich &#8211; Neuss e.V. verweist auf seinen Seiten mit Hyperlinks zu anderen Seiten im Internet. F\u00fcr alle diese Links gilt:<\/p>\n<p>Der Aero-Club Grevenbroich &#8211; Neuss e.V. erkl\u00e4rt ausdr\u00fccklich, keinerlei Einfluss auf die Gestaltung und die Inhalte der verlinkten Seiten zu haben.<\/p>\n<p>Daher distanziert sich der Aero-Club Grevenbroich &#8211; Neuss e.V. hiermit ausdr\u00fccklich von den Inhalten aller verlinkten Seiten und macht sich diese Inhalte ausdr\u00fccklich nicht zu Eigen.<\/p>\n<p>Diese Erkl\u00e4rung gilt f\u00fcr alle in den Seiten vorhandenen Hyperlinks, ob angezeigt oder verborgen und f\u00fcr alle Inhalte der Seiten, zu denen diese Hyperlinks f\u00fchren.<\/p>\n<\/div>\n","protected":false},"excerpt":{"rendered":"<p>Impressum gem\u00e4\u00df \u00a76 Teledienstgesetz (TDG) Verantwortlich f\u00fcr Inhalte: Name des Vereins : Aero-Club Grevenbroich &#8211; Neuss e.V. Vereinsregister-Nr. 2617 beim Amtsgericht M\u00f6nchengladbach Gr\u00fcndungsjahr : 1951 Anschrift : Postfach 100124 41485 Grevenbroich Flugplatz &#8222;GUSTORFER H\u00d6HE&#8220; Telefon Segelflug : (02181) 479998 Telefon Modellflug : (02181) 470601 Pr\u00e4sident : Karsten Hahn Gesch\u00e4ftsf\u00fchrer : Lars Deichgr\u00e4ber Abt. Segelflug Vorsitzender&nbsp;&hellip;<\/p>\n","protected":false},"author":3,"featured_media":228,"parent":0,"menu_order":0,"comment_status":"closed","ping_status":"closed","template":"","meta":{"footnotes":""},"_links":{"self":[{"href":"https:\/\/modellflug-grevenbroich.de\/wordpress\/index.php?rest_route=\/wp\/v2\/pages\/27"}],"collection":[{"href":"https:\/\/modellflug-grevenbroich.de\/wordpress\/index.php?rest_route=\/wp\/v2\/pages"}],"about":[{"href":"https:\/\/modellflug-grevenbroich.de\/wordpress\/index.php?rest_route=\/wp\/v2\/types\/page"}],"author":[{"embeddable":true,"href":"https:\/\/modellflug-grevenbroich.de\/wordpress\/index.php?rest_route=\/wp\/v2\/users\/3"}],"replies":[{"embeddable":true,"href":"https:\/\/modellflug-grevenbroich.de\/wordpress\/index.php?rest_route=%2Fwp%2Fv2%2Fcomments&post=27"}],"version-history":[{"count":13,"href":"https:\/\/modellflug-grevenbroich.de\/wordpress\/index.php?rest_route=\/wp\/v2\/pages\/27\/revisions"}],"predecessor-version":[{"id":1848,"href":"https:\/\/modellflug-grevenbroich.de\/wordpress\/index.php?rest_route=\/wp\/v2\/pages\/27\/revisions\/1848"}],"wp:featuredmedia":[{"embeddable":true,"href":"https:\/\/modellflug-grevenbroich.de\/wordpress\/index.php?rest_route=\/wp\/v2\/media\/228"}],"wp:attachment":[{"href":"https:\/\/modellflug-grevenbroich.de\/wordpress\/index.php?rest_route=%2Fwp%2Fv2%2Fmedia&parent=27"}],"curies":[{"name":"wp","href":"https:\/\/api.w.org\/{rel}","templated":true}]}}