{"id":33,"date":"2018-11-26T11:40:41","date_gmt":"2018-11-26T10:40:41","guid":{"rendered":"https:\/\/modellflug-grevenbroich.de\/wordpress\/?page_id=33"},"modified":"2019-01-15T11:33:36","modified_gmt":"2019-01-15T10:33:36","slug":"blog","status":"publish","type":"page","link":"https:\/\/modellflug-grevenbroich.de\/wordpress\/?page_id=33","title":{"rendered":"Unser Hobby"},"content":{"rendered":"\n<p><strong>Wieso gerade Modellflug?&nbsp;<\/strong><br><\/p>\n\n\n\n<p>F\u00fcr weltweit Millionen von begeisterten Modellbauern, ist Modellflug das sch\u00f6nste Hobby \u00fcberhaupt.&nbsp;<\/p>\n\n\n\n<p>Modellflug ist je nach dem, wie man ihn betreibt, Sport oder Ausgleich, Adrenalinschub oder Meditation. Vor allem aber ist es vielseitig, sodass es innerhalb des Modellflugs die unterschiedlichsten Bereiche herauskristallisiert haben.&nbsp; Diese reichen vom Hand-Wurfgleiter bis zum Turbinen-Jet fliegen.<br><\/p>\n\n\n\n<figure class=\"wp-block-image\"><img loading=\"lazy\" decoding=\"async\" width=\"1024\" height=\"768\" src=\"https:\/\/modellflug-grevenbroich.de\/wordpress\/wp-content\/uploads\/2019\/01\/IMGP0737-1024x768.jpg\" alt=\"\" class=\"wp-image-778\" srcset=\"https:\/\/modellflug-grevenbroich.de\/wordpress\/wp-content\/uploads\/2019\/01\/IMGP0737-1024x768.jpg 1024w, https:\/\/modellflug-grevenbroich.de\/wordpress\/wp-content\/uploads\/2019\/01\/IMGP0737-300x225.jpg 300w, https:\/\/modellflug-grevenbroich.de\/wordpress\/wp-content\/uploads\/2019\/01\/IMGP0737-768x576.jpg 768w, https:\/\/modellflug-grevenbroich.de\/wordpress\/wp-content\/uploads\/2019\/01\/IMGP0737-1232x924.jpg 1232w, https:\/\/modellflug-grevenbroich.de\/wordpress\/wp-content\/uploads\/2019\/01\/IMGP0737-1440x1080.jpg 1440w\" sizes=\"(max-width: 1024px) 100vw, 1024px\" \/><\/figure>\n\n\n\n<p><strong>Technik im Modellflug<\/strong><\/p>\n\n\n\n<p>Die Technik ist eine sehr wichtige Komponente beim Modellflug. Inzwischen gibt es zwar immer mehr Fertigmodelle&nbsp; zu kaufen aber fr\u00fcher oder sp\u00e4ter kommt bei jedem Modellbauer der Ingenieur durch und er wird versuchen das&nbsp; ein oder andere zu optimieren. Ob Aerodynamik, Wetterkunde, Festigkeitslehre, Werkstoffkunde, Elektrotechnik&nbsp; oder Programmierung, im Modellflug ist f\u00fcr jeden etwas dabei.&nbsp;<br><\/p>\n\n\n\n<p><strong>Verantwortung f\u00fcr das Modellflugzeug<\/strong><\/p>\n\n\n\n<p>Im Gegensatz zu vielen anderen Hobbys wird von einem Modellpiloten in einem hohen Ma\u00dfe Verantwortung erwartet. Auf einem Modellflugplatz herrschen \u00e4hnlich strikte Regeln wie in einem Sch\u00fctzenhaus. Der Pilot kennt sein Material am besten und ist auch daf\u00fcr verantwortlich. Sicherheitstechnisch muss alles 100% in Ordnung sein. Kompromisse werden nicht geduldet. Auch sollte Modellflug in einem Verein betrieben werden.<br><\/p>\n\n\n\n<p><strong>Kosten des Modellfliegens<\/strong><\/p>\n\n\n\n<p>Modellflug ist wie jedes andere Hobby mit Kosten verbunden. Die m\u00f6gliche Spanne ist enorm. Der ferngesteuerte Modellflug beginnt mit der Erstausr\u00fcstung bei ca. 300 &#8211; 500 EUR. Nach oben gibt es keine Grenzen.<br><\/p>\n\n\n\n<p><strong>Der Erstflug<\/strong><\/p>\n\n\n\n<p>Wenn es dann soweit ist und alle Vorbereitungen getroffen sind, wird es ernst. Mittels einem Lehrer-Sch\u00fcler-Flug steuern Sie das erste Mal ein motorisiertes Modellflugzeug.<\/p>\n\n\n\n<div class=\"wp-block-image\"><figure class=\"aligncenter is-resized\"><img loading=\"lazy\" decoding=\"async\" src=\"https:\/\/modellflug-grevenbroich.de\/wordpress\/wp-content\/uploads\/2019\/01\/IMG_4219.jpg\" alt=\"\" class=\"wp-image-781\" width=\"272\" height=\"180\" srcset=\"https:\/\/modellflug-grevenbroich.de\/wordpress\/wp-content\/uploads\/2019\/01\/IMG_4219.jpg 3888w, https:\/\/modellflug-grevenbroich.de\/wordpress\/wp-content\/uploads\/2019\/01\/IMG_4219-300x200.jpg 300w, https:\/\/modellflug-grevenbroich.de\/wordpress\/wp-content\/uploads\/2019\/01\/IMG_4219-1620x1080.jpg 1620w\" sizes=\"(max-width: 272px) 100vw, 272px\" \/><\/figure><\/div>\n\n\n\n<p><strong>Vor dem Start<\/strong><\/p>\n\n\n\n<p>Es ist also soweit, Sie stehen auf dem Rasen, weit und breit ist kein Hindernis und das Wetter ist gut. Gut hei\u00dft: der Wind h\u00e4lt sich zur\u00fcck, wie kalt es ist spielt keine Rolle und selbst Schnee sollte einen Modellflieger nicht aufhalten. Je windstiller es ist, desto besser l\u00e4sst es sich f\u00fcr Anf\u00e4nger fliegen. Sollte es doch etwas windig sein, stellen Sie sich zum Start immer gegen den Wind.<br>&nbsp;<br><\/p>\n\n\n\n<p><strong>Der Start<\/strong><\/p>\n\n\n\n<p>Werfen Sie nun das Modellflugzeug bei Vollgas gegen den Wind. Achten Sie darauf, dass Sie das Modellflugzeug nicht zu stark nach oben werfen! Dies ist ein h\u00e4ufiger Fehler und wird zur Folge haben, dass es ziemlich schnell wieder runter kommt. Also, m\u00f6glichst geradeaus werfen und dann mit Vollgas erst mal ein paar Meter H\u00f6he gewinnen. Auf den ersten Metern werden Sie h\u00f6chstwahrscheinlich etwas an der Trimmung einstellen m\u00fcssen, falls das Modell nicht gerade perfekt ausgetrimmt ist. Deshalb ist es auch wichtig, dass in Startrichtung so schnell kein Hindernis kommt.<br><\/p>\n\n\n\n<p><strong>Der erste Flug<\/strong><\/p>\n\n\n\n<p>Versuchen Sie zuerst in einer H\u00f6he, in der Sie sich sicher f\u00fchlen ein paar Kreise vor sich zu fliegen. Machen Sie nicht den Fehler, gleich \u00fcber sich hinweg fliegen zu wollen.<\/p>\n\n\n\n<p>Nach ein paar Kreisen k\u00f6nnen Sie dann die ersten Achter versuchen und dabei sollte es dann beim ersten Flug auch bleiben. Versuchen Sie nicht, bei nachlassender Motorleistung weiter zu fliegen, sobald Sie merken, dass das die Leistung nachl\u00e4sst, sollten Sie schleunigst die Landung anstreben. Je weniger Leistung die Akkus bringen, desto schwieriger wird es, sicher zu fliegen.<br><\/p>\n\n\n\n<p><strong>Die erste Landung<\/strong><\/p>\n\n\n\n<p>Keine Angst, so schwer, wie man sich die Landung vorstellt, ist sie meistens nicht. Nehmen Sie das Gas weg, segeln Sie dann quer zu sich und der Modellflieger landet praktisch von selbst, vorausgesetzt, Sie haben wirklich ein Anf\u00e4ngermodell in der Luft. Sollten Sie zu fr\u00fch runter kommen oder zu hoch durchfliegen, k\u00f6nne Sie jederzeit durchstarten und mit dem gewonnenen Gef\u00fchl die n\u00e4chste Runde angehen. Deshalb auch der vorhergehende Tipp, das Modell nicht zu lange zu fliegen, um noch gen\u00fcgend Energie f\u00fcr mehrere Landeversuche zu haben.<br><\/p>\n\n\n\n<p><strong>Wenn alles geschafft ist<\/strong><\/p>\n\n\n\n<p>Gl\u00fcckwunsch, Sie haben es geschafft. So schwer war es doch gar nicht, oder? Jetzt nicht \u00fcberm\u00fctig werden. Fliegen Sie wieder und wieder und Sie werden merken, dass es bei jedem mal einfacher geht und Sie immer riskantere Man\u00f6ver durchf\u00fchren k\u00f6nnen. Mit der Zeit wird dann auch das Anf\u00e4ngermodell nur noch f\u00fcr den Sonntagmorgen ausreichen und Sie werden noch viel Freude mit dem sch\u00f6nsten Hobby der Welt haben.<\/p>\n\n\n\n<figure class=\"wp-block-image is-resized\"><img loading=\"lazy\" decoding=\"async\" src=\"https:\/\/modellflug-grevenbroich.de\/wordpress\/wp-content\/uploads\/2019\/01\/IMG_4384-2.jpg\" alt=\"\" class=\"wp-image-793\" width=\"585\" height=\"389\" srcset=\"https:\/\/modellflug-grevenbroich.de\/wordpress\/wp-content\/uploads\/2019\/01\/IMG_4384-2.jpg 3888w, https:\/\/modellflug-grevenbroich.de\/wordpress\/wp-content\/uploads\/2019\/01\/IMG_4384-2-300x200.jpg 300w, https:\/\/modellflug-grevenbroich.de\/wordpress\/wp-content\/uploads\/2019\/01\/IMG_4384-2-1620x1080.jpg 1620w\" sizes=\"(max-width: 585px) 100vw, 585px\" \/><\/figure>\n","protected":false},"excerpt":{"rendered":"<p>Wieso gerade Modellflug?&nbsp; F\u00fcr weltweit Millionen von begeisterten Modellbauern, ist Modellflug das sch\u00f6nste Hobby \u00fcberhaupt.&nbsp; Modellflug ist je nach dem, wie man ihn betreibt, Sport oder Ausgleich, Adrenalinschub oder Meditation. Vor allem aber ist es vielseitig, sodass es innerhalb des Modellflugs die unterschiedlichsten Bereiche herauskristallisiert haben.&nbsp; Diese reichen vom Hand-Wurfgleiter bis zum Turbinen-Jet fliegen. Technik&nbsp;&hellip;<\/p>\n","protected":false},"author":3,"featured_media":231,"parent":0,"menu_order":0,"comment_status":"closed","ping_status":"closed","template":"","meta":{"footnotes":""},"_links":{"self":[{"href":"https:\/\/modellflug-grevenbroich.de\/wordpress\/index.php?rest_route=\/wp\/v2\/pages\/33"}],"collection":[{"href":"https:\/\/modellflug-grevenbroich.de\/wordpress\/index.php?rest_route=\/wp\/v2\/pages"}],"about":[{"href":"https:\/\/modellflug-grevenbroich.de\/wordpress\/index.php?rest_route=\/wp\/v2\/types\/page"}],"author":[{"embeddable":true,"href":"https:\/\/modellflug-grevenbroich.de\/wordpress\/index.php?rest_route=\/wp\/v2\/users\/3"}],"replies":[{"embeddable":true,"href":"https:\/\/modellflug-grevenbroich.de\/wordpress\/index.php?rest_route=%2Fwp%2Fv2%2Fcomments&post=33"}],"version-history":[{"count":5,"href":"https:\/\/modellflug-grevenbroich.de\/wordpress\/index.php?rest_route=\/wp\/v2\/pages\/33\/revisions"}],"predecessor-version":[{"id":796,"href":"https:\/\/modellflug-grevenbroich.de\/wordpress\/index.php?rest_route=\/wp\/v2\/pages\/33\/revisions\/796"}],"wp:featuredmedia":[{"embeddable":true,"href":"https:\/\/modellflug-grevenbroich.de\/wordpress\/index.php?rest_route=\/wp\/v2\/media\/231"}],"wp:attachment":[{"href":"https:\/\/modellflug-grevenbroich.de\/wordpress\/index.php?rest_route=%2Fwp%2Fv2%2Fmedia&parent=33"}],"curies":[{"name":"wp","href":"https:\/\/api.w.org\/{rel}","templated":true}]}}