{"id":718,"date":"2019-01-14T17:36:04","date_gmt":"2019-01-14T16:36:04","guid":{"rendered":"https:\/\/modellflug-grevenbroich.de\/wordpress\/?page_id=718"},"modified":"2026-04-15T18:46:31","modified_gmt":"2026-04-15T16:46:31","slug":"materialis","status":"publish","type":"page","link":"https:\/\/modellflug-grevenbroich.de\/wordpress\/","title":{"rendered":"Front Page"},"content":{"rendered":"<div  id=\"flaechenflug\" class=\"content-7m content-section-spacing-large content-section\" style=\"background-color: #f5fafd;\" data-label=\"flaechenflug\" data-id=\"content--1\" data-export-id=\"content-7-materialis\" data-category=\"content\">\n<div  class=\"gridContainer\">\n<div  class=\"row middle-sm\">\n<div  class=\"col-md-6 col-xs-12 col-sm-6 col-padding-small-xs\"><img decoding=\"async\"  class=\"mdc-elevation--z13 img-rounded\" src=\"https:\/\/modellflug-grevenbroich.de\/wordpress\/wp-content\/uploads\/2018\/12\/4.jpg\"><\/div>\n<div  class=\"col-md-5 col-md-offset-1 col-xs-12 col-sm-6 content-left-sm col-padding-small-xs\" data-type=\"column\">\n<p  class=\"space-top\">Der Weg zum Modellpiloten ist kein Leichter. Doch die derzeitige Technik im Modellbau macht das Erlernen heute wesentlich einfacher als fr\u00fcher. Durch die Entwicklung von Lehrer-Sch\u00fclersystemen ist es, ohne gro\u00dfes Risiko m\u00f6glich, das Fliegen zu erlernen.<\/p>\n<p  class=\"space-top\">Ist ihr Interesse geweckt, dann schauen Sie doch mal auf unserem Flugplatz vorbei und vereinbaren Sie eine Probeflug!<\/p>\n\n<\/div>\n<div  class=\"col-md-5 col-md-offset-1 col-xs-12 col-sm-6 content-left-sm col-padding-small-xs\" data-type=\"column\"><\/div>\n<\/div>\n<\/div>\n<\/div><div  data-label=\"Portfolio\" data-id=\"portfolio--1\" data-export-id=\"portfolio-1-materialis\" data-category=\"portfolio\" class=\"portfolio-1m content-section\" id=\"portfolio-1\" style=\"background-color: rgb(245, 250, 253); background-image: none;\"><div  class=\"gridContainer\"> <div  class=\"row text-center\" data-type=\"row\" data-fixed=\"true\"><div  class=\"col-sm-6 col-xs-12 no-gutter-col col-md-6\"><div  class=\"contentswap-effect contentswap-overlay\" data-hover-fx=\"portfolio-1\" style=\"float: none; margin: 0px; width: 100%;\"> <div  class=\"initial-image\" style=\"float: none; margin: 0px;\"> <img decoding=\"async\"  data-size=\"600x354\" src=\"https:\/\/modellflug-grevenbroich.de\/wordpress\/wp-content\/uploads\/2020\/11\/WhatsApp-Image-2020-11-07-at-17.20.56-1.jpeg\"><\/div> <div  class=\"overlay bg-color-black\" style=\"display: block; transition: opacity 800ms; -webkit-transition-timing-function: ease; -moz-transition-timing-function: ease; -o-transition-timing-function: ease; transition-timing-function: ease;\"><\/div> <div  class=\"swap-inner col-xs-12\" style=\"display: block; transition: 800ms; background-color: rgba(0, 0, 0, 0); margin-top: 0px;\"> <div  class=\"row full-height-row middle-xs\"> <div  class=\"col-xs-12 text-center white-text\"> <h4  class=\"font-500\">Project Name<\/h4> <a class=\"button color-white mdc-ripple-upgraded\" href=\"#\" target=\"_self\" data-cp-link=\"1\" rel=\"noopener noreferrer\">View project<\/a><\/div> <\/div><\/div> <\/div><\/div><div  class=\"col-sm-6 col-xs-12 no-gutter-col col-md-6\"> <div  class=\"contentswap-effect contentswap-overlay\" data-hover-fx=\"portfolio-1\" style=\"float: none; margin: 0px; width: 100%;\"><div  class=\"initial-image\" style=\"float: none; margin: 0px;\"> <img decoding=\"async\"  data-size=\"600x354\" src=\"https:\/\/modellflug-grevenbroich.de\/wordpress\/wp-content\/uploads\/2020\/11\/WhatsApp-Image-2020-11-07-at-17.20.57.jpeg\"><\/div> <div  class=\"overlay bg-color-black\" style=\"display: block; transition: opacity 800ms; -webkit-transition-timing-function: ease; -moz-transition-timing-function: ease; -o-transition-timing-function: ease; transition-timing-function: ease;\"><\/div> <div  class=\"swap-inner col-xs-12\" style=\"display: block; transition: 800ms; background-color: rgba(0, 0, 0, 0); margin-top: 0px;\"> <div  class=\"row full-height-row middle-xs\"> <div  class=\"col-xs-12 text-center white-text\"> <h4  class=\"font-500\">Project Name<\/h4> <a class=\"button color-white mdc-ripple-upgraded\" href=\"#\" target=\"_self\" data-cp-link=\"1\" rel=\"noopener noreferrer\">View project<\/a><\/div> <\/div><\/div> <\/div><\/div>     <div  class=\"col-sm-6 col-xs-12 no-gutter-col col-md-6\"><div  class=\"contentswap-effect contentswap-overlay\" data-hover-fx=\"portfolio-1\" style=\"float: none; margin: 0px; width: 100%;\"> <div  class=\"initial-image\" style=\"float: none; margin: 0px;\"> <img decoding=\"async\"  data-size=\"600x354\" src=\"https:\/\/modellflug-grevenbroich.de\/wordpress\/wp-content\/uploads\/2020\/11\/WhatsApp-Image-2020-11-07-at-17.20.56.jpeg\"><\/div> <div  class=\"overlay bg-color-black\" style=\"display: block; transition: opacity 800ms; -webkit-transition-timing-function: ease; -moz-transition-timing-function: ease; -o-transition-timing-function: ease; transition-timing-function: ease;\"><\/div> <div  class=\"swap-inner col-xs-12\" style=\"display: block; transition: 800ms; background-color: rgba(0, 0, 0, 0); margin-top: 0px;\"> <div  class=\"row full-height-row middle-xs\"> <div  class=\"col-xs-12 text-center white-text\"> <h4  class=\"font-500\">Project Name<\/h4> <a class=\"button color-white mdc-ripple-upgraded\" href=\"#\" target=\"_self\" data-cp-link=\"1\" rel=\"noopener noreferrer\">View project<\/a><\/div> <\/div><\/div> <\/div><\/div> <div  class=\"col-sm-6 col-xs-12 no-gutter-col col-md-6\"><div  class=\"contentswap-effect contentswap-overlay\" data-hover-fx=\"portfolio-1\" style=\"float: none; margin: 0px; width: 100%;\"> <div  class=\"initial-image\" style=\"float: none; margin: 0px;\"> <img decoding=\"async\"  data-size=\"600x354\" src=\"https:\/\/modellflug-grevenbroich.de\/wordpress\/wp-content\/uploads\/2020\/11\/WhatsApp-Image-2020-11-07-at-17.20.55-1.jpeg\"><\/div> <div  class=\"overlay bg-color-black\" style=\"display: block; transition: opacity 800ms; -webkit-transition-timing-function: ease; -moz-transition-timing-function: ease; -o-transition-timing-function: ease; transition-timing-function: ease;\"><\/div> <div  class=\"swap-inner col-xs-12\" style=\"display: block; transition: 800ms; background-color: rgba(0, 0, 0, 0); margin-top: 0px;\"> <div  class=\"row full-height-row middle-xs\"> <div  class=\"col-xs-12 text-center white-text\"> <h4  class=\"font-500\">Project Name<\/h4> <a class=\"button color-white mdc-ripple-upgraded\" href=\"#\" target=\"_self\" data-cp-link=\"1\" rel=\"noopener noreferrer\">View project<\/a><\/div> <\/div><\/div> <\/div><\/div>   <\/div><\/div> <\/div><p ><!-- CloudPress Companion Preview Data START --><\/p><div  id=\"heli\" class=\"content-8m content-section-spacing-large content-section\" style=\"background-color: #ffffff;\" data-label=\"Heli\" data-id=\"content--2\" data-export-id=\"content-8-materialis\" data-category=\"content\">\n<div  class=\"gridContainer\">\n<div  class=\"row middle-sm\">\n<div  class=\"col-md-5 col-xs-12 col-sm-6 space-bottom-xs\" data-type=\"column\">\n<h3  class=\"\">Hubschrauber<\/h3>\n<p  class=\"space-top\">Im Bereich der Modellfliegerei ist die Steuerung eines Hubschraubers mit Abstand die gr\u00f6\u00dfte Herausforderung. Man kann sich das Verhalten des Helis so vorstellen, wie eine kleine Kugel, die auf einer gr\u00f6\u00dferen Kugel liegt. Damit der Heli bleibt, wo er ist, muss der Pilot den aufkommenden \u201eAusbr\u00fcchen\u201c des Helis permanent entgegenwirken. Das Erlernen des Helicopter Fliegens ist nichts f\u00fcr Ungeduldige aber kommen Sie gerne mal vorbei auf ein Schnupperflug!<\/p>\n\n<\/div>\n<div  class=\"col-md-6 col-md-offset-1 col-xs-12 col-sm-6\"><img decoding=\"async\"  class=\"mdc-elevation--z9 rounded\" src=\"https:\/\/modellflug-grevenbroich.de\/wordpress\/wp-content\/uploads\/2018\/12\/23.jpg\"><\/div>\n<\/div>\n<\/div>\n<\/div><div  data-label=\"Grossseglertreffen\" data-id=\"about--1\" data-export-id=\"about-4\" data-category=\"about\" class=\"about-4 content-section content-section-spacing-large\" id=\"grossseglertreffen\" style=\"background-color: rgb(255, 255, 255);\"><div  class=\"gridContainer\"> <div  class=\"row middle-sm text-center\"><div  class=\"col-sm-5 space-bottom-xs\" data-type=\"column\">   <img decoding=\"async\"  class=\"custom-image\" src=\"https:\/\/modellflug-grevenbroich.de\/wordpress\/wp-content\/uploads\/2020\/06\/cropped-IMG_5959-scaled-1.jpg\"><img decoding=\"async\"  class=\"custom-image\" src=\"https:\/\/modellflug-grevenbroich.de\/wordpress\/wp-content\/uploads\/2020\/06\/cropped-IMG_3648-scaled-1.jpg\"> <\/div> <div  class=\"col-sm-7 flexbox center-xs middle-xs image-group-2-img padding-top-bottom\"> <img decoding=\"async\"  class=\"img-1 rounded mdc-elevation--z10\" data-size=\"250x200\" src=\"https:\/\/modellflug-grevenbroich.de\/wordpress\/wp-content\/uploads\/2020\/06\/cropped-IMG_4498-scaled-1.jpg\"> <img decoding=\"async\"  class=\"img-2 rounded mdc-elevation--z10\" data-size=\"220x170\" src=\"https:\/\/modellflug-grevenbroich.de\/wordpress\/wp-content\/uploads\/2020\/06\/cropped-IMG_4589-scaled-2.jpg\"><\/div> <\/div><\/div> <\/div><p ><!-- CloudPress Companion Preview Data START --><\/p><div  id=\"neuigkeiten\" class=\"latest-news-1-materialis content-section content-section-spacing-large\" style=\"background-color: #f5fafd;\" data-label=\"Neuigkeiten\" data-id=\"latest_news--1\" data-export-id=\"latest-news-1-materialis\" data-category=\"latest_news\">\n<div  class=\"gridContainer\">\n<div  class=\"row\">\n<div  class=\"section-title-col\" data-type=\"column\">\n<h2  class=\"\">Neuigkeiten<\/h2>\n<\/div>\n<\/div>\n<div  class=\"row content-left-sm\">\n<div  data-type=\"row\" data-dynamic-columns=\"handled\" data-content-shortcode=\"materialis_latest_news\">\t\t<div class=\"row materialis-latest-news\">\n\t\t\t\t\t<div id=\"post-1782\" class=\"col-sm-6 col-md-4 space-bottom space-bottom-xs\">\n\t\t\t\t\t<div class=\"post-content no-padding  mdc-card overflow-hidden mdc-elevation--z2 latest-news-layout-cards\">\n\t\t\t\t\t<div class=\"\">\n\t\t\t\t    <div class=\"post-thumbnail\">\n        <a href=\"https:\/\/modellflug-grevenbroich.de\/wordpress\/?p=1782\" class=\"post-list-item-thumb \">\n            <img loading=\"lazy\" decoding=\"async\" width=\"600\" height=\"389\" src=\"https:\/\/modellflug-grevenbroich.de\/wordpress\/wp-content\/uploads\/2019\/01\/cropped-Logo-Full-Transparent1-1.png\" class=\"attachment-post-thumbnail size-post-thumbnail wp-post-image\" alt=\"\" srcset=\"https:\/\/modellflug-grevenbroich.de\/wordpress\/wp-content\/uploads\/2019\/01\/cropped-Logo-Full-Transparent1-1.png 600w, https:\/\/modellflug-grevenbroich.de\/wordpress\/wp-content\/uploads\/2019\/01\/cropped-Logo-Full-Transparent1-1-300x195.png 300w\" sizes=\"(max-width: 600px) 100vw, 600px\" \/>        <\/a>\n    <\/div>\n    \t\t\t<\/div>\n\t\t\n\t\t<div class=\"post-content-body col-padding  \">\n\t\t\t\t\t\t\t<div class=\"space-bottom-small\">\n\t\t\t\t\t<a href=\"https:\/\/modellflug-grevenbroich.de\/wordpress\/?cat=1\"  class=\"button color5 link \">Verein<\/a>\t\t\t\t<\/div>\n\t\t\t\n\t\t\t<h4 class=\"latest-news-item-title\">\n\t\t\t\t<a href=\"https:\/\/modellflug-grevenbroich.de\/wordpress\/?p=1782\" rel=\"bookmark\">\n\t\t\t\t\tFrank ist froh wieder fliegen zu k\u00f6nnen \ud83d\ude42\t\t\t\t<\/a>\n\t\t\t<\/h4>\n\n\t\t\t\n\t\t\t<div class=\"latest-news-item-excerpt\">\n\t\t\t\t\t\t\t<\/div>\n\n\n\t\t<\/div>\n\t\t\t\t\t\t\t<div class=\"mdc-card__actions box-padding-lr-small text-dark\">\n\t\t\t\t<div class=\"mdc-card__action-icons col-xs-12 text-dark col-sm-fit no-padding-left\">\n\t\t\t\t\t\t<a class=\"post-footer-link\" href=\"https:\/\/modellflug-grevenbroich.de\/wordpress\/?p=1782\">\n\t\t<i class=\"mdi small mdi-comment-outline mdc-card__action mdc-card__action--icon color-darkgray\" title=\"Comments\"><\/i>\n\t\t<span class=\"post-footer-value\">0<\/span>\n\t<\/a>\n\t<a class=\"post-footer-link\" href=\"https:\/\/modellflug-grevenbroich.de\/wordpress\/?p=1782\">\n\t\t<i class=\"mdi small mdi-clock mdc-card__action mdc-card__action--icon color-darkgray\" title=\"Post Time\"><\/i>\n\t\t<span class=\"post-footer-value\">25. Juni 2020<\/span>\n\t<\/a>\n\t\t\t\t\t<\/div>\n\t\t\t\t<div class=\"mdc-card__action-buttons col-xs-12 col-sm-fit no-padding\">\n\t\t\t\t\t<a href=\"https:\/\/modellflug-grevenbroich.de\/wordpress\/?p=1782\" class=\"button color2 link\">Weiterlesen<\/a>\n\t\t\t\t<\/div>\n\t\t\t<\/div>\n\t\t\t<\/div>\n\t\t\t\t<\/div>\n\t\t\t\t\t\t<div id=\"post-1764\" class=\"col-sm-6 col-md-4 space-bottom space-bottom-xs\">\n\t\t\t\t\t<div class=\"post-content no-padding  mdc-card overflow-hidden mdc-elevation--z2 latest-news-layout-cards\">\n\t\t\t\t\t<div class=\"\">\n\t\t\t\t    <div class=\"post-thumbnail\">\n        <a href=\"https:\/\/modellflug-grevenbroich.de\/wordpress\/?p=1764\" class=\"post-list-item-thumb \">\n            <img loading=\"lazy\" decoding=\"async\" width=\"600\" height=\"389\" src=\"https:\/\/modellflug-grevenbroich.de\/wordpress\/wp-content\/uploads\/2019\/01\/cropped-Logo-Full-Transparent1-1.png\" class=\"attachment-post-thumbnail size-post-thumbnail wp-post-image\" alt=\"\" srcset=\"https:\/\/modellflug-grevenbroich.de\/wordpress\/wp-content\/uploads\/2019\/01\/cropped-Logo-Full-Transparent1-1.png 600w, https:\/\/modellflug-grevenbroich.de\/wordpress\/wp-content\/uploads\/2019\/01\/cropped-Logo-Full-Transparent1-1-300x195.png 300w\" sizes=\"(max-width: 600px) 100vw, 600px\" \/>        <\/a>\n    <\/div>\n    \t\t\t<\/div>\n\t\t\n\t\t<div class=\"post-content-body col-padding  \">\n\t\t\t\t\t\t\t<div class=\"space-bottom-small\">\n\t\t\t\t\t<a href=\"https:\/\/modellflug-grevenbroich.de\/wordpress\/?cat=1\"  class=\"button color5 link \">Verein<\/a>\t\t\t\t<\/div>\n\t\t\t\n\t\t\t<h4 class=\"latest-news-item-title\">\n\t\t\t\t<a href=\"https:\/\/modellflug-grevenbroich.de\/wordpress\/?p=1764\" rel=\"bookmark\">\n\t\t\t\t\tder Flugbetrieb l\u00e4uft wieder \ud83d\ude42\t\t\t\t<\/a>\n\t\t\t<\/h4>\n\n\t\t\t\n\t\t\t<div class=\"latest-news-item-excerpt\">\n\t\t\t\t\t\t\t<\/div>\n\n\n\t\t<\/div>\n\t\t\t\t\t\t\t<div class=\"mdc-card__actions box-padding-lr-small text-dark\">\n\t\t\t\t<div class=\"mdc-card__action-icons col-xs-12 text-dark col-sm-fit no-padding-left\">\n\t\t\t\t\t\t<a class=\"post-footer-link\" href=\"https:\/\/modellflug-grevenbroich.de\/wordpress\/?p=1764\">\n\t\t<i class=\"mdi small mdi-comment-outline mdc-card__action mdc-card__action--icon color-darkgray\" title=\"Comments\"><\/i>\n\t\t<span class=\"post-footer-value\">0<\/span>\n\t<\/a>\n\t<a class=\"post-footer-link\" href=\"https:\/\/modellflug-grevenbroich.de\/wordpress\/?p=1764\">\n\t\t<i class=\"mdi small mdi-clock mdc-card__action mdc-card__action--icon color-darkgray\" title=\"Post Time\"><\/i>\n\t\t<span class=\"post-footer-value\">22. Juni 2020<\/span>\n\t<\/a>\n\t\t\t\t\t<\/div>\n\t\t\t\t<div class=\"mdc-card__action-buttons col-xs-12 col-sm-fit no-padding\">\n\t\t\t\t\t<a href=\"https:\/\/modellflug-grevenbroich.de\/wordpress\/?p=1764\" class=\"button color2 link\">Weiterlesen<\/a>\n\t\t\t\t<\/div>\n\t\t\t<\/div>\n\t\t\t<\/div>\n\t\t\t\t<\/div>\n\t\t\t\t\t\t<div id=\"post-1755\" class=\"col-sm-6 col-md-4 space-bottom space-bottom-xs\">\n\t\t\t\t\t<div class=\"post-content no-padding  mdc-card overflow-hidden mdc-elevation--z2 latest-news-layout-cards\">\n\t\t\t\t\t<div class=\"\">\n\t\t\t\t    <div class=\"post-thumbnail\">\n        <a href=\"https:\/\/modellflug-grevenbroich.de\/wordpress\/?p=1755\" class=\"post-list-item-thumb \">\n            <img loading=\"lazy\" decoding=\"async\" width=\"1232\" height=\"845\" src=\"https:\/\/modellflug-grevenbroich.de\/wordpress\/wp-content\/uploads\/2020\/03\/acgv-covid-1232x845.png\" class=\"attachment-post-thumbnail size-post-thumbnail wp-post-image\" alt=\"\" srcset=\"https:\/\/modellflug-grevenbroich.de\/wordpress\/wp-content\/uploads\/2020\/03\/acgv-covid-1232x845.png 1232w, https:\/\/modellflug-grevenbroich.de\/wordpress\/wp-content\/uploads\/2020\/03\/acgv-covid-300x206.png 300w, https:\/\/modellflug-grevenbroich.de\/wordpress\/wp-content\/uploads\/2020\/03\/acgv-covid-1024x702.png 1024w, https:\/\/modellflug-grevenbroich.de\/wordpress\/wp-content\/uploads\/2020\/03\/acgv-covid-768x527.png 768w, https:\/\/modellflug-grevenbroich.de\/wordpress\/wp-content\/uploads\/2020\/03\/acgv-covid.png 1432w\" sizes=\"(max-width: 1232px) 100vw, 1232px\" \/>        <\/a>\n    <\/div>\n    \t\t\t<\/div>\n\t\t\n\t\t<div class=\"post-content-body col-padding  \">\n\t\t\t\t\t\t\t<div class=\"space-bottom-small\">\n\t\t\t\t\t<a href=\"https:\/\/modellflug-grevenbroich.de\/wordpress\/?cat=1\"  class=\"button color5 link \">Verein<\/a>\t\t\t\t<\/div>\n\t\t\t\n\t\t\t<h4 class=\"latest-news-item-title\">\n\t\t\t\t<a href=\"https:\/\/modellflug-grevenbroich.de\/wordpress\/?p=1755\" rel=\"bookmark\">\n\t\t\t\t\tFlieger Fr\u00fchst\u00fcck\t\t\t\t<\/a>\n\t\t\t<\/h4>\n\n\t\t\t\n\t\t\t<div class=\"latest-news-item-excerpt\">\n\t\t\t\t<p>Ab April Treffen sich Mittwochs unsere Rentner Morgens um ca 9:30 Uhr bei uns im[&hellip;]<\/p>\n\t\t\t<\/div>\n\n\n\t\t<\/div>\n\t\t\t\t\t\t\t<div class=\"mdc-card__actions box-padding-lr-small text-dark\">\n\t\t\t\t<div class=\"mdc-card__action-icons col-xs-12 text-dark col-sm-fit no-padding-left\">\n\t\t\t\t\t\t<a class=\"post-footer-link\" href=\"https:\/\/modellflug-grevenbroich.de\/wordpress\/?p=1755\">\n\t\t<i class=\"mdi small mdi-comment-outline mdc-card__action mdc-card__action--icon color-darkgray\" title=\"Comments\"><\/i>\n\t\t<span class=\"post-footer-value\">0<\/span>\n\t<\/a>\n\t<a class=\"post-footer-link\" href=\"https:\/\/modellflug-grevenbroich.de\/wordpress\/?p=1755\">\n\t\t<i class=\"mdi small mdi-clock mdc-card__action mdc-card__action--icon color-darkgray\" title=\"Post Time\"><\/i>\n\t\t<span class=\"post-footer-value\">4. M\u00e4rz 2020<\/span>\n\t<\/a>\n\t\t\t\t\t<\/div>\n\t\t\t\t<div class=\"mdc-card__action-buttons col-xs-12 col-sm-fit no-padding\">\n\t\t\t\t\t<a href=\"https:\/\/modellflug-grevenbroich.de\/wordpress\/?p=1755\" class=\"button color2 link\">Weiterlesen<\/a>\n\t\t\t\t<\/div>\n\t\t\t<\/div>\n\t\t\t<\/div>\n\t\t\t\t<\/div>\n\t\t\t\t<\/div>\n\t<\/div>\n<\/div>\n<div  class=\"row\">\n<div  class=\"text-center\"><\/div>\n<\/div>\n<\/div>\n<\/div><div  id=\"kontakt\" class=\"contact-1 content-section content-section-spacing-large content-relative white-text\" style=\"background-color: #ffffff; background-image: url('https:\/\/modellflug-grevenbroich.de\/wordpress\/wp-content\/uploads\/2018\/12\/4.jpg'); background-size: cover; background-position: center top;\" data-label=\"KONTAKT\" data-id=\"contact--1\" data-export-id=\"contact-1\" data-category=\"contact\" data-parallax-depth=\"20\">\n<div  class=\"gridContainer\">\n<div  class=\"row text-center\">\n<div  class=\"section-title-col\" data-type=\"column\">\n<h2  class=\"\">Nehmen Sie Kontakt zu uns auf<\/h2>\n<p  class=\"lead\">F\u00fcllen Sie einfach das Kontaktformular unten aus und wir werden uns schnellstm\u00f6glich bei Ihnen melden.<\/p>\n\n<\/div>\n<\/div>\n<div  class=\"row text-center\">\n<div  class=\"col-xs-12 col-sm-8 col-sm-offset-2 contact-form-wrapper inline-info\">\n<div  class=\"card mdc-elevation--z3 col-padding-top\">\n<div  class=\"dark-text\" data-content-shortcode=\"materialis_contact_form shortcode=&quot;contact-form-7 id=&amp;amp;quot;378&amp;amp;quot; title=&amp;amp;quot;Kontaktformular 1&amp;amp;quot;&quot;\" data-editable=\"true\">\n<div class=\"wpcf7 no-js\" id=\"wpcf7-f378-o1\" lang=\"de-DE\" dir=\"ltr\">\n<div class=\"screen-reader-response\"><p role=\"status\" aria-live=\"polite\" aria-atomic=\"true\"><\/p> <ul><\/ul><\/div>\n<form action=\"\/wordpress\/index.php?rest_route=%2Fwp%2Fv2%2Fpages%2F718#wpcf7-f378-o1\" method=\"post\" class=\"wpcf7-form init\" aria-label=\"Kontaktformular\" novalidate=\"novalidate\" data-status=\"init\">\n<div style=\"display: none;\">\n<input type=\"hidden\" name=\"_wpcf7\" value=\"378\" \/>\n<input type=\"hidden\" name=\"_wpcf7_version\" value=\"5.9.8\" \/>\n<input type=\"hidden\" name=\"_wpcf7_locale\" value=\"de_DE\" \/>\n<input type=\"hidden\" name=\"_wpcf7_unit_tag\" value=\"wpcf7-f378-o1\" \/>\n<input type=\"hidden\" name=\"_wpcf7_container_post\" value=\"0\" \/>\n<input type=\"hidden\" name=\"_wpcf7_posted_data_hash\" value=\"\" \/>\n<input type=\"hidden\" name=\"_wpcf7_recaptcha_response\" value=\"\" \/>\n<\/div>\n<p><label> Dein Name (Pflichtfeld)<br \/>\n<span class=\"wpcf7-form-control-wrap\" data-name=\"your-name\"><input size=\"40\" maxlength=\"400\" class=\"wpcf7-form-control wpcf7-text wpcf7-validates-as-required\" aria-required=\"true\" aria-invalid=\"false\" value=\"\" type=\"text\" name=\"your-name\" \/><\/span> <\/label>\n<\/p>\n<p><label> Deine E-Mail-Adresse (Pflichtfeld)<br \/>\n<span class=\"wpcf7-form-control-wrap\" data-name=\"your-email\"><input size=\"40\" maxlength=\"400\" class=\"wpcf7-form-control wpcf7-email wpcf7-validates-as-required wpcf7-text wpcf7-validates-as-email\" aria-required=\"true\" aria-invalid=\"false\" value=\"\" type=\"email\" name=\"your-email\" \/><\/span> <\/label>\n<\/p>\n<p><label> Deine Nachricht<br \/>\n<span class=\"wpcf7-form-control-wrap\" data-name=\"your-message\"><textarea cols=\"40\" rows=\"10\" maxlength=\"2000\" class=\"wpcf7-form-control wpcf7-textarea\" aria-invalid=\"false\" name=\"your-message\"><\/textarea><\/span> <\/label>\n<\/p>\n\n<p><input class=\"wpcf7-form-control wpcf7-submit has-spinner\" type=\"submit\" value=\"Senden\" \/>\n<\/p><div class=\"wpcf7-response-output\" aria-hidden=\"true\"><\/div>\n<\/form>\n<\/div>\n<\/div>\n<\/div>\n<\/div>\n<\/div>\n<\/div>\n<\/div><div  id=\"cta-1\" class=\"content-relative content-section content-section-spacing-large cta-1-materialis section-title-col-white-text\" style=\"background-color: #f5fafd;\" data-label=\"Cta\" data-id=\"cta--1\" data-export-id=\"cta-1-materialis\" data-category=\"cta\" data-parallax-depth=\"20\" data-ovid=\"1\">\n<div  class=\"gridContainer\">\n<div  class=\"row text-center col-sm-padding-medium\">\n<div  class=\"col-md-6 col-md-offset-3 col-xs-10 col-xs-offset-1 card mdc-elevation--z3 box-padding-lr-small\">\n<div  class=\"\" data-type=\"column\">\n\n  \n\n<\/div>\n<\/div>\n<\/div>\n<\/div>\n<\/div>","protected":false},"excerpt":{"rendered":"","protected":false},"author":3,"featured_media":805,"parent":0,"menu_order":0,"comment_status":"closed","ping_status":"closed","template":"page-templates\/homepage.php","meta":{"footnotes":""},"_links":{"self":[{"href":"https:\/\/modellflug-grevenbroich.de\/wordpress\/index.php?rest_route=\/wp\/v2\/pages\/718"}],"collection":[{"href":"https:\/\/modellflug-grevenbroich.de\/wordpress\/index.php?rest_route=\/wp\/v2\/pages"}],"about":[{"href":"https:\/\/modellflug-grevenbroich.de\/wordpress\/index.php?rest_route=\/wp\/v2\/types\/page"}],"author":[{"embeddable":true,"href":"https:\/\/modellflug-grevenbroich.de\/wordpress\/index.php?rest_route=\/wp\/v2\/users\/3"}],"replies":[{"embeddable":true,"href":"https:\/\/modellflug-grevenbroich.de\/wordpress\/index.php?rest_route=%2Fwp%2Fv2%2Fcomments&post=718"}],"version-history":[{"count":53,"href":"https:\/\/modellflug-grevenbroich.de\/wordpress\/index.php?rest_route=\/wp\/v2\/pages\/718\/revisions"}],"predecessor-version":[{"id":1845,"href":"https:\/\/modellflug-grevenbroich.de\/wordpress\/index.php?rest_route=\/wp\/v2\/pages\/718\/revisions\/1845"}],"wp:featuredmedia":[{"embeddable":true,"href":"https:\/\/modellflug-grevenbroich.de\/wordpress\/index.php?rest_route=\/wp\/v2\/media\/805"}],"wp:attachment":[{"href":"https:\/\/modellflug-grevenbroich.de\/wordpress\/index.php?rest_route=%2Fwp%2Fv2%2Fmedia&parent=718"}],"curies":[{"name":"wp","href":"https:\/\/api.w.org\/{rel}","templated":true}]}}