{"id":9,"date":"2018-11-26T11:32:25","date_gmt":"2018-11-26T10:32:25","guid":{"rendered":"https:\/\/modellflug-grevenbroich.de\/wordpress\/?page_id=3"},"modified":"2019-01-16T09:32:29","modified_gmt":"2019-01-16T08:32:29","slug":"datenschutzerklaerung","status":"publish","type":"page","link":"https:\/\/modellflug-grevenbroich.de\/wordpress\/?page_id=9","title":{"rendered":"Datenschutzerkl\u00e4rung"},"content":{"rendered":"<div style=\"width: breite; height: h\u00f6he; border: 1px solid; background-image: url(\/wordpress\/wp-content\/uploads\/2019\/01\/logo-hg2.jpg); background-size: contain; background-repeat: repeat; text align: center;\">\nDatenschutzerkl\u00e4rung gem\u00e4\u00df DSGVO<\/p>\n<p>Der Aero-Club Grevenbroich-Neuss e.V. erhebt und nutzt personenbezogene Daten seiner Mitglieder. Gem\u00e4\u00df Datenschutzrecht sind wir zur Erteilung der folgenden Informationen verpflichtet. Mitglieder im Sinne dieser Erkl\u00e4rung sind alle Personen, deren personenbezogene Daten verarbeitet werden, auch ausgeschiedene Mitglieder, Schnuppermitglieder, Mitglieder auf Probe oder Personen, die sich um eine Mitgliedschaft beworben haben, jedoch nicht aufgenommen wurden und ggf. weitere Personen, deren Daten verarbeitet werden.<\/p>\n<p>I. Name und Anschrift des Verantwortlichen<\/p>\n<p>Der Verantwortliche im Sinne der Datenschutz-Grundverordnung (DSGVO) und anderer nationaler Datenschutzgesetze der Mitgliedsstaaten sowie sonstiger datenschutzrechtlicher Bestimmungen ist:<\/p>\n<p>Aero-Club Grevenbroich-Neuss e. V.<br \/>\nvertreten durch den gesch\u00e4ftsf\u00fchrenden Vorstand:<br \/>\nNorbert Diekneite, G\u00fcnter Keser, Martin Lonien, Dominik Tomaschewski<\/p>\n<p>Postfach 100124<br \/>\n41485 Grevenbroich<br \/>\nDeutschland<br \/>\nTel.: 02181-479998<br \/>\nE-Mail: vorstand@aero-club-grevenbroich-neuss.de<br \/>\nWebsite: www.aero-club-grevenbroich-neuss.de<\/p>\n<p>II. Allgemeines zur Datenverarbeitung<\/p>\n<p>1. Welche personenbezogenen Daten werden verarbeitet, Kategorie der verarbeiteten Daten<\/p>\n<p>Wir verarbeiten (u.a. erheben, speichern und verwenden) die folgenden personenbezogenen Daten unserer Mitglieder:<\/p>\n<ul>\n<li>&#8211; &nbsp;Name, Vorname, Geburtstag, Geschlecht<\/li>\n<li>&#8211; &nbsp;Postanschrift, eine ggf. abweichende Meldeadresse, Telefonnummer, Emailadresse<\/li>\n<li>&#8211; &nbsp;Bankverbindung, SEPA-Lastschriftmandat liegt vor (ja \/ nein)<\/li>\n<li>&#8211; &nbsp;Mitglied in der Abteilung Modellflug \/ Segelflug \/ Eintrittsdatum<\/li>\n<li>&#8211; &nbsp;bei Inhabern einer Luftfahrtlizenz: Art der Lizenz, Lizenznummer, Ausstellungsdatum,G\u00fcltigkeitsdauer<\/li>\n<li>&#8211; &nbsp;bei Flugsch\u00fclern: Beginn und ggf. Ende der Ausbildung, begonnene und beherrschte\u00dcbungen, abgelegte Pr\u00fcfungen und alle weiteren im Ausbildungsnachweis vorgesehenenAngaben<\/li>\n<li>&#8211; &nbsp;die in den Startlisten und ggf. Bordb\u00fcchern der Luftfahrzeuge des Vereins erfassten Fl\u00fcgeder Mitglieder einschlie\u00dflich namentlicher Nennung der Besatzung und ggfs. G\u00e4ste<\/li>\n<\/ul>\n<p>Besondere Kategorien personenbezogener Daten im Sinne von Art. 9 Abs. 1 DS-GVO werden nicht verarbeitet, ausgenommen:<\/p>\n<p>&#8211; Informationen \u00fcber Tauglichkeitszeugnisse werden ausschlie\u00dflich nach Zustimmung des Mitgliedes verarbeitet.<\/p>\n<p>2. Umfang und Zweck der Datenverarbeitung<\/p>\n<p>Die Datenverarbeitung erfolgt zur Erf\u00fcllung der folgenden satzungsgem\u00e4\u00dfen Zwecke des Vereins:<\/p>\n<ul>\n<li>&#8211; &nbsp;Einladung der Mitglieder des Vereins zu Mitgliederversammlungen und Sitzungen<\/li>\n<li>&#8211; &nbsp;Information \u00fcber Beschl\u00fcsse der Mitgliederversammlung und des Vorstandes<\/li>\n<li>&#8211; &nbsp;Information aktiver Mitglieder \u00fcber den Flugbetrieb<\/li>\n<li>&#8211; &nbsp;Abrechnung und Einziehung von Beitr\u00e4gen und Geb\u00fchren einschlie\u00dflich derZuordnung zur richtigen Beitragsklasse<\/li>\n<li>&#8211; &nbsp;Nachweis der g\u00fcltigen Lizenzen und Flugberechtigung der aktiven Mitglieder<\/li>\n<li>&#8211; &nbsp;bei Mitgliedern, die sich in der Ausbildung zum Erwerb einer Lizenz befinden:o Erf\u00fcllung der gesetzlichen Vorgaben zur Dokumentation der Ausbildung, vgl. FCL.030<\/li>\n<\/ul>\n<p>Name, Vorname, Telefon-Nummern und Email-Adressen aktiver Mitglieder einer Abteilung k\u00f6nnen in einer Adressliste allen anderen aktiven Mitgliedern der betroffenen Abteilung bekannt gemacht werden.<\/p>\n<p>3. Rechtsgrundlage f\u00fcr die Verarbeitung personenbezogener Daten, berechtigtes Interesse<\/p>\n<p>Rechtsgrundlage f\u00fcr die Verarbeitung der Daten ist Art. 6 Abs. 1 lit. f) DSGVO. Danach ist die Verarbeitung zul\u00e4ssig, wenn sie zur Wahrung eines berechtigten Interesses unseres Vereins und\/oder der in dieser Erkl\u00e4rung genannter anderer Stellen erforderlich ist und dieses Interesse die Interessen, Grundrechte und Grundfreiheiten des Mitgliedes \u00fcberwiegt.<\/p>\n<p>Das berechtigte Interesse des Vereins ergibt sich aus den in der Satzung genannten Zielen des Vereins, namentlich die Teilnahme der Mitglieder am Luftsport und die F\u00f6rderung des Luftsports.<\/p>\n<p>4. Dauer der Speicherung<\/p>\n<p>Die Daten werden gel\u00f6scht, sobald sie f\u00fcr die Erreichung des Zweckes ihrer Erhebung nicht mehr erforderlich sind.<\/p>\n<p>5. Weitergabe an andere Stellen und Zweck der Weitergabe<\/p>\n<p>a)<br \/>\nDie folgenden Daten werden weitergegeben an den Aeroclub | NRW e.V.:<\/p>\n<ul>\n<li>&#8211; &nbsp;Name, Vorname, Geburtstag, Geschlecht, Eintrittsdatum<\/li>\n<li>&#8211; &nbsp;ggf. besondere Funktion im Mitgliedsverein (Vorstand, Gesch\u00e4ftsf\u00fchrer, Jugendleiter)<\/li>\n<li>&#8211; &nbsp;Postanschrift, Telefonnummer, Emailadresse<\/li>\n<li>&#8211; &nbsp;Hauptsportart und ggf. Nebensportart(en) (Modellflug \/ Segelflug<\/li>\n<\/ul>\n<ul>\n<li>&#8211; &nbsp;Mitgliedsstatus (aktiv\/passiv\/Ehrenmitglied), eingeschlossen in Modellflugversicherung<\/li>\n<li>&#8211; &nbsp;bei Flugsch\u00fclern: Beginn und ggf. Ende der Ausbildung, begonnene und beherrschte\u00dcbungen, abgelegte Pr\u00fcfungen und alle weiteren im Ausbildungsnachweis vorgesehenen AngabenDie Verarbeitung erfolgt durch den Aeroclub | NRW e.V. zur Erf\u00fcllung eigener berechtigter Interessen im Sinne von Art. 6 Abs. 1 Satz 1 lit. f) DS-GVO, n\u00e4mlich:\n<ul>\n<li>&#8211; &nbsp;Zuordnung der Mitglieder zu den Beitragsklassen, Vermeidung doppelter Beitragserhebung bei Mitgliedschaft in mehreren Mitgliedsvereinen<\/li>\n<li>&#8211; &nbsp;\u00dcbersendung der Mitgliederzeitschrift<\/li>\n<li>&#8211; &nbsp;Ausstellung von Mitgliedsausweisen<\/li>\n<li>&#8211; &nbsp;pseudonymisierter Nachweis der Anzahl der Mitglieder im Rahmen der politischenVertretung gegen\u00fcber Beh\u00f6rden und Ministerienb)<br \/>\nBei Mitgliedern, die sich in der Ausbildung zum Erwerb eine Lizenz befinden, werden die folgenden Daten an den Aeroclub | NRW e.V. als autorisierter Trainingseinrichtung (ATO) \u00fcbermittelt:<\/li>\n<\/ul>\n<\/li>\n<\/ul>\n<ul>\n<li>&#8211; &nbsp;Name, Vorname, Geburtstag, Geschlecht<\/li>\n<li>&#8211; &nbsp;Postanschrift, eine ggf. abweichende Meldeadresse, Telefonnummer, Emailadresse<\/li>\n<li>&#8211; &nbsp;Art der Lizenz, deren Erwerb angestrebt wird<\/li>\n<li>&#8211; &nbsp;Beginn und ggf. Ende der Ausbildung, begonnene und beherrschte \u00dcbungen, abgelegtePr\u00fcfungen und alle weiteren im Ausbildungsnachweis vorgesehenen Angaben Gesetzliche Grundlage f\u00fcr die \u00dcbermittlung und die Verarbeitung der Daten durch den Aeroclub | NRW e.V. ist Art. 6 Abs. 1 Satz 1 lit. c) DS-GVO. Die ATO ist verpflichtet, diese Daten \u00fcber die in der Ausbildung befindlichen Personen zu erheben. Die Daten werden weiter gemeldet an die f\u00fcr den Sitz des Mitgliedes zust\u00e4ndige Landesluftfahrtbeh\u00f6rde.c) Cloudbasierte Vereinsverwaltung: entf\u00e4llt<\/li>\n<\/ul>\n<p>6. Widerspruchs- und Beseitigungsm\u00f6glichkeit<\/p>\n<p>Die Erfassung der Daten ist zur Erf\u00fcllung der satzungsm\u00e4\u00dfigen Zwecke des Vereins zwingend erforderlich. Es besteht folglich seitens des Mitgliedes keine Widerspruchsm\u00f6glichkeit.<\/p>\n<p>III. Weitere Informationen und Rechte der betroffenen Person<\/p>\n<p>1. Automatisierte Entscheidungsfindung, Profiling, Daten\u00fcbermittlung in Nicht-EU- Staaten<\/p>\n<p>Die Daten werden nicht f\u00fcr eine automatisierte Entscheidungsfindung oder ein Profiling verwendet. Eine Daten\u00fcbermittlung an Stellen au\u00dferhalb der Europ\u00e4ischen Union findet nicht statt.<\/p>\n<p>2. Auskunftsrecht<\/p>\n<p>Mitglieder k\u00f6nnen von dem Verantwortlichen eine Best\u00e4tigung dar\u00fcber verlangen, ob personenbezogene Daten, die sie betreffen, verarbeitet werden. Liegt eine solche Verarbeitung vor, k\u00f6nnen sie von dem Verantwortlichen alle in dieser Datenschutzerkl\u00e4rung enthaltenen Informationen verlangen. Ferner k\u00f6nnen sie folgende Ausk\u00fcnfte verlangen:<\/p>\n<ol>\n<li>(1) &nbsp;Empf\u00e4nger bzw. die Kategorien von Empf\u00e4ngern, gegen\u00fcber denen die sie betreffenden personenbezogenen Daten offengelegt wurden oder noch offengelegt werden;<\/li>\n<li>(2) &nbsp;alle verf\u00fcgbaren Informationen \u00fcber die Herkunft der Daten, wenn die personenbezogenen Daten nicht bei der betroffenen Person erhoben werden;<\/li>\n<\/ol>\n<p>Mitgliedern steht das Recht zu, Auskunft dar\u00fcber zu verlangen, ob die sie betreffenden personenbezogenen Daten in ein Drittland oder an eine internationale Organisation \u00fcbermittelt werden. In diesem Zusammenhang k\u00f6nnen sie verlangen, \u00fcber die geeigneten Garantien gem. Art. 46 DSGVO im Zusammenhang mit der \u00dcbermittlung unterrichtet zu werden.<\/p>\n<p>3. Recht auf Berichtigung<\/p>\n<p>Mitglieder haben ein Recht auf Berichtigung und\/oder Vervollst\u00e4ndigung, sofern die sie betreffenden personenbezogenen Daten unrichtig oder unvollst\u00e4ndig sind. Der Verantwortliche hat die Berichtigung unverz\u00fcglich vorzunehmen.<\/p>\n<p>4. Recht auf Einschr\u00e4nkung der Verarbeitung<\/p>\n<p>Unter den folgenden Voraussetzungen k\u00f6nnen Mitglieder die Einschr\u00e4nkung der Verarbeitung der sie betreffenden personenbezogenen Daten verlangen:<br \/>\n(1) Wenn sie die Richtigkeit der sie betreffenden personenbezogenen f\u00fcr eine Dauer<\/p>\n<p>bestreiten, die es dem Verantwortlichen erm\u00f6glicht, die Richtigkeit der<\/p>\n<p>personenbezogenen Daten zu \u00fcberpr\u00fcfen;<br \/>\n(2) die Verarbeitung unrechtm\u00e4\u00dfig ist und sie die L\u00f6schung der personenbezogenen Daten<\/p>\n<p>ablehnen und stattdessen die Einschr\u00e4nkung der Nutzung der personenbezogenen<\/p>\n<p>Daten verlangen;<br \/>\n(3) der Verantwortliche die personenbezogenen Daten f\u00fcr die Zwecke der Verarbeitung<\/p>\n<p>nicht l\u00e4nger ben\u00f6tigt, sie diese jedoch zur Geltendmachung, Aus\u00fcbung oder<\/p>\n<p>Verteidigung von Rechtsanspr\u00fcchen ben\u00f6tigen, oder<br \/>\n(4) wenn sie Widerspruch gegen die Verarbeitung gem\u00e4\u00df Art. 21 Abs. 1 DSGVO eingelegt<\/p>\n<p>haben und noch nicht feststeht, ob die berechtigten Gr\u00fcnde des Verantwortlichen gegen\u00fcber den Gr\u00fcnden des Mitgliedes \u00fcberwiegen.<\/p>\n<p>Wurde die Verarbeitung der das Mitglied betreffenden personenbezogenen Daten eingeschr\u00e4nkt, d\u00fcrfen diese Daten \u2013 von ihrer Speicherung abgesehen \u2013 nur mit Einwilligung des Mitgliedes oder zur Geltendmachung, Aus\u00fcbung oder Verteidigung von Rechtsanspr\u00fcchen oder zum Schutz der Rechte einer anderen nat\u00fcrlichen oder juristischen Person oder aus Gr\u00fcnden eines wichtigen \u00f6ffentlichen Interesses der Union oder eines Mitgliedstaats verarbeitet werden.<\/p>\n<p>Wurde die Einschr\u00e4nkung der Verarbeitung nach den o.g. Voraussetzungen eingeschr\u00e4nkt, wird das Mitglied von dem Verantwortlichen unterrichtet bevor die Einschr\u00e4nkung aufgehoben wird.<\/p>\n<p>5. Recht auf L\u00f6schung<\/p>\n<p>a) L\u00f6schungspflicht<br \/>\nMitglieder k\u00f6nnen in folgenden F\u00e4llen von dem Verantwortlichen verlangen, dass die sie betreffenden personenbezogenen Daten unverz\u00fcglich gel\u00f6scht werden:<\/p>\n<ol>\n<li>(1) &nbsp;Die betreffenden personenbezogenen Daten sind f\u00fcr die Zwecke, f\u00fcr die sie erhobenoder auf sonstige Weise verarbeitet wurden, nicht mehr notwendig.<\/li>\n<li>(2) &nbsp;Das Mitglied legt gem. Art. 21 Abs. 1 DSGVO Widerspruch gegen die Verarbeitung ein und es liegen keine vorrangigen berechtigten Gr\u00fcnde f\u00fcr die Verarbeitung vor, oder eswird gem. Art. 21 Abs. 2 DSGVO Widerspruch gegen die Verarbeitung eingelegt.<\/li>\n<li>(3) &nbsp;Die personenbezogenen Daten wurden unrechtm\u00e4\u00dfig verarbeitet.<\/li>\n<li>(4) &nbsp;Die L\u00f6schung der personenbezogenen Daten ist zur Erf\u00fcllung einer rechtlichenVerpflichtung nach dem Unionsrecht oder dem Recht der Mitgliedstaaten erforderlich,dem der Verantwortliche unterliegt.<\/li>\n<li>(5) &nbsp;Die personenbezogenen Daten wurden in Bezug auf angebotene Dienste derInformationsgesellschaft gem\u00e4\u00df Art. 8 Abs. 1 DSGVO erhoben.<\/li>\n<\/ol>\n<p>b) Information an Dritte<br \/>\nHat der Verantwortliche (entgegen den Angaben in dieser Datenschutzerkl\u00e4rung) personenbezogene Daten \u00f6ffentlich gemacht und ist er gem. Art. 17 Abs. 1 DSGVO zu deren L\u00f6schung verpflichtet, so trifft er unter Ber\u00fccksichtigung der verf\u00fcgbaren Technologie und der Implementierungskosten angemessene Ma\u00dfnahmen, auch technischer Art, um f\u00fcr die Datenverarbeitung Verantwortliche, die die personenbezogenen Daten verarbeiten, dar\u00fcber zu informieren, dass die betroffene Person die L\u00f6schung aller Links zu diesen personenbezogenen Daten oder von Kopien oder Replikationen dieser personenbezogenen Daten verlangt hat.<\/p>\n<p>c) Ausnahmen<br \/>\nDas Recht auf L\u00f6schung besteht nicht, soweit die Verarbeitung erforderlich ist<\/p>\n<ol>\n<li>(1) &nbsp;zur Aus\u00fcbung des Rechts auf freie Meinungs\u00e4u\u00dferung und Information;<\/li>\n<li>(2) &nbsp;zur Erf\u00fcllung einer rechtlichen Verpflichtung, die die Verarbeitung nach dem Recht derUnion oder der Mitgliedstaaten, dem der Verantwortliche unterliegt, erfordert, oder zur Wahrnehmung einer Aufgabe, die im \u00f6ffentlichen Interesse liegt oder in Aus\u00fcbung \u00f6ffentlicher Gewalt erfolgt, die dem Verantwortlichen \u00fcbertragen wurde;<\/li>\n<li>(3) &nbsp;aus Gr\u00fcnden des \u00f6ffentlichen Interesses im Bereich der \u00f6ffentlichen Gesundheit gem\u00e4\u00df Art. 9 Abs. 2 lit. h und i sowie Art. 9 Abs. 3 DSGVO;<\/li>\n<li>(4) &nbsp;f\u00fcr im \u00f6ffentlichen Interesse liegende Archivzwecke, wissenschaftliche oder historische Forschungszwecke oder f\u00fcr statistische Zwecke gem. Art. 89 Abs. 1 DSGVO, soweit das unter Abschnitt a) genannte Recht voraussichtlich die Verwirklichung der Ziele dieser Verarbeitung unm\u00f6glich macht oder ernsthaft beeintr\u00e4chtigt, oder<\/li>\n<\/ol>\n<p>(5) zur Geltendmachung, Aus\u00fcbung oder Verteidigung von Rechtsanspr\u00fcchen.<\/p>\n<p>6. Recht auf Unterrichtung<\/p>\n<p>Wurde das Recht auf Berichtigung, L\u00f6schung oder Einschr\u00e4nkung der Verarbeitung gegen\u00fcber dem Verantwortlichen geltend gemacht, ist dieser verpflichtet, allen Empf\u00e4ngern, denen die betreffenden personenbezogenen Daten offengelegt wurden, diese Berichtigung oder L\u00f6schung der Daten oder Einschr\u00e4nkung der Verarbeitung mitzuteilen, es sei denn, dies erweist sich als unm\u00f6glich oder ist mit einem unverh\u00e4ltnism\u00e4\u00dfigen Aufwand verbunden. Das Mitglied ist \u00fcber diese Empf\u00e4nger zu unterrichten.<\/p>\n<p>7. Widerspruchsrecht aufgrund besonderer Situation<\/p>\n<p>Mitglieder haben das Recht, aus Gr\u00fcnden, die sich aus ihrer besonderen Situation ergeben, jederzeit gegen die Verarbeitung der sie betreffenden personenbezogenen Daten, die aufgrund von Art. 6 Abs. 1 lit. e oder f DSGVO erfolgt, Widerspruch einzulegen. Der Verantwortliche verarbeitet die betreffenden personenbezogenen Daten nicht mehr, es sei denn, er kann zwingende schutzw\u00fcrdige Gr\u00fcnde f\u00fcr die Verarbeitung nachweisen, die die Interessen, Rechte und Freiheiten des Mitgliedes \u00fcberwiegen, oder die Verarbeitung dient der Geltendmachung, Aus\u00fcbung oder Verteidigung von Rechtsanspr\u00fcchen.<\/p>\n<p>8. Recht auf Beschwerde bei einer Aufsichtsbeh\u00f6rde<\/p>\n<p>Unbeschadet eines anderweitigen verwaltungsrechtlichen oder gerichtlichen Rechtsbehelfs steht dem Mitglied das Recht auf Beschwerde bei einer Aufsichtsbeh\u00f6rde, insbesondere in dem Mitgliedstaat seines Aufenthaltsorts oder des Orts des mutma\u00dflichen Versto\u00dfes, zu, wenn es der Ansicht ist, dass die Verarbeitung der ihn betreffenden personenbezogenen Daten gegen die DSGVO verst\u00f6\u00dft.<\/p>\n<p>Die Aufsichtsbeh\u00f6rde, bei der die Beschwerde eingereicht wurde, unterrichtet den Beschwerdef\u00fchrer \u00fcber den Stand und die Ergebnisse der Beschwerde einschlie\u00dflich der M\u00f6glichkeit eines gerichtlichen Rechtsbehelfs nach Art. 78 DSGVO.<\/p>\n<p>Stand M\u00e4rz 2018<\/p>\n<\/div>\n","protected":false},"excerpt":{"rendered":"<p>Datenschutzerkl\u00e4rung gem\u00e4\u00df DSGVO Der Aero-Club Grevenbroich-Neuss e.V. erhebt und nutzt personenbezogene Daten seiner Mitglieder. Gem\u00e4\u00df Datenschutzrecht sind wir zur Erteilung der folgenden Informationen verpflichtet. Mitglieder im Sinne dieser Erkl\u00e4rung sind alle Personen, deren personenbezogene Daten verarbeitet werden, auch ausgeschiedene Mitglieder, Schnuppermitglieder, Mitglieder auf Probe oder Personen, die sich um eine Mitgliedschaft beworben haben, jedoch nicht&nbsp;&hellip;<\/p>\n","protected":false},"author":3,"featured_media":222,"parent":0,"menu_order":0,"comment_status":"closed","ping_status":"open","template":"","meta":{"footnotes":""},"_links":{"self":[{"href":"https:\/\/modellflug-grevenbroich.de\/wordpress\/index.php?rest_route=\/wp\/v2\/pages\/9"}],"collection":[{"href":"https:\/\/modellflug-grevenbroich.de\/wordpress\/index.php?rest_route=\/wp\/v2\/pages"}],"about":[{"href":"https:\/\/modellflug-grevenbroich.de\/wordpress\/index.php?rest_route=\/wp\/v2\/types\/page"}],"author":[{"embeddable":true,"href":"https:\/\/modellflug-grevenbroich.de\/wordpress\/index.php?rest_route=\/wp\/v2\/users\/3"}],"replies":[{"embeddable":true,"href":"https:\/\/modellflug-grevenbroich.de\/wordpress\/index.php?rest_route=%2Fwp%2Fv2%2Fcomments&post=9"}],"version-history":[{"count":10,"href":"https:\/\/modellflug-grevenbroich.de\/wordpress\/index.php?rest_route=\/wp\/v2\/pages\/9\/revisions"}],"predecessor-version":[{"id":1247,"href":"https:\/\/modellflug-grevenbroich.de\/wordpress\/index.php?rest_route=\/wp\/v2\/pages\/9\/revisions\/1247"}],"wp:featuredmedia":[{"embeddable":true,"href":"https:\/\/modellflug-grevenbroich.de\/wordpress\/index.php?rest_route=\/wp\/v2\/media\/222"}],"wp:attachment":[{"href":"https:\/\/modellflug-grevenbroich.de\/wordpress\/index.php?rest_route=%2Fwp%2Fv2%2Fmedia&parent=9"}],"curies":[{"name":"wp","href":"https:\/\/api.w.org\/{rel}","templated":true}]}}